{"id":649,"date":"2015-05-25T13:57:47","date_gmt":"2015-05-25T11:57:47","guid":{"rendered":"http:\/\/www.nrv.sk\/?page_id=649"},"modified":"2023-08-07T09:50:58","modified_gmt":"2023-08-07T07:50:58","slug":"website-translations","status":"publish","type":"page","link":"https:\/\/www.nrv.sk\/en\/website-translations\/","title":{"rendered":"Website Translations"},"content":{"rendered":"<p style=\"text-align: left;\"><span style=\"color: #808080;\">We will translate your <strong>corporate<\/strong> or <strong>private website<\/strong> according to your wishes into all languages. You may present your website to all world and everyone will understand.<\/span><span style=\"color: #616161;\"><strong><a href=\"https:\/\/www.nrv.sk\/wp-content\/uploads\/2015\/05\/web-977861_1280.png\"><img loading=\"lazy\" decoding=\"async\" class=\"wp-image-1921 alignright\" src=\"https:\/\/www.nrv.sk\/wp-content\/uploads\/2015\/05\/web-977861_1280.png\" alt=\"web str\u00e1nka\" width=\"348\" height=\"196\" srcset=\"https:\/\/www.nrv.sk\/en\/wp-content\/uploads\/2015\/05\/web-977861_1280.png 1280w, https:\/\/www.nrv.sk\/en\/wp-content\/uploads\/2015\/05\/web-977861_1280-300x169.png 300w, https:\/\/www.nrv.sk\/en\/wp-content\/uploads\/2015\/05\/web-977861_1280-1024x576.png 1024w\" sizes=\"auto, (max-width: 348px) 100vw, 348px\" \/><\/a><\/strong><\/span><\/p>\n<p style=\"text-align: left;\"><span style=\"color: #808080;\">Translation and <span style=\"color: #0000ff;\"><a style=\"color: #0000ff;\" href=\"https:\/\/www.nrv.sk\/en\/translation\/localization\/\">localization<\/a><\/span> can attract more clients to your business website, especially if you have customers from abroad. A well prepared <strong>SEO<\/strong> (search engine optimization) can arrange more traffic and sales (e-shop, online-shop) or presentation of your web page.<\/span><\/p>\n<p style=\"text-align: left;\"><span style=\"color: #808080;\">You can just<span style=\"color: #0000ff;\"><a style=\"color: #0000ff;\" href=\"mailto:nrv@nrv.sk\"> send us<\/a><\/span> a link to your website and in accordance with an agreement we will prepare the translations of various sections in Word or another desired format.<\/span><\/p>\n<p style=\"text-align: left;\"><span style=\"color: #808080;\"><strong>We are able to agree<\/strong> on a flat rate for you website, <strong>not only based on wordcount<\/strong>. It may be advantageous, especially if you have a lot of text on the page.<\/span><\/p>\n<p><span style=\"color: #ff0000;\"><strong><span style=\"color: #a221c2;\">What languages do we translate?<\/span><\/strong> <img loading=\"lazy\" decoding=\"async\" class=\"alignnone wp-image-195\" title=\"anglick\u00fd\" src=\"https:\/\/www.nrv.sk\/wp-content\/uploads\/2015\/05\/australia-ruka1.png\" alt=\"australia-ruka\" width=\"53\" height=\"35\" srcset=\"https:\/\/www.nrv.sk\/en\/wp-content\/uploads\/2015\/05\/australia-ruka1.png 640w, https:\/\/www.nrv.sk\/en\/wp-content\/uploads\/2015\/05\/australia-ruka1-300x196.png 300w, https:\/\/www.nrv.sk\/en\/wp-content\/uploads\/2015\/05\/australia-ruka1-480x320.png 480w, https:\/\/www.nrv.sk\/en\/wp-content\/uploads\/2015\/05\/australia-ruka1-320x213.png 320w, https:\/\/www.nrv.sk\/en\/wp-content\/uploads\/2015\/05\/australia-ruka1-240x160.png 240w\" sizes=\"auto, (max-width: 53px) 100vw, 53px\" \/><\/span><span style=\"color: #ff0000;\">\u00a0 <img loading=\"lazy\" decoding=\"async\" class=\"alignnone wp-image-629\" title=\"nemeck\u00fd\" src=\"https:\/\/www.nrv.sk\/wp-content\/uploads\/2015\/05\/germany-664894_640.png\" alt=\"germany-664894_640\" width=\"52\" height=\"34\" srcset=\"https:\/\/www.nrv.sk\/en\/wp-content\/uploads\/2015\/05\/germany-664894_640.png 640w, https:\/\/www.nrv.sk\/en\/wp-content\/uploads\/2015\/05\/germany-664894_640-300x196.png 300w, https:\/\/www.nrv.sk\/en\/wp-content\/uploads\/2015\/05\/germany-664894_640-480x320.png 480w, https:\/\/www.nrv.sk\/en\/wp-content\/uploads\/2015\/05\/germany-664894_640-320x213.png 320w, https:\/\/www.nrv.sk\/en\/wp-content\/uploads\/2015\/05\/germany-664894_640-240x160.png 240w\" sizes=\"auto, (max-width: 52px) 100vw, 52px\" \/> \u00a0<img loading=\"lazy\" decoding=\"async\" class=\"alignnone wp-image-630\" title=\"franc\u00fazsky\" src=\"https:\/\/www.nrv.sk\/wp-content\/uploads\/2015\/05\/france-664858_640.png\" alt=\"france-664858_640\" width=\"53\" height=\"34\" srcset=\"https:\/\/www.nrv.sk\/en\/wp-content\/uploads\/2015\/05\/france-664858_640.png 640w, https:\/\/www.nrv.sk\/en\/wp-content\/uploads\/2015\/05\/france-664858_640-300x196.png 300w, https:\/\/www.nrv.sk\/en\/wp-content\/uploads\/2015\/05\/france-664858_640-480x320.png 480w, https:\/\/www.nrv.sk\/en\/wp-content\/uploads\/2015\/05\/france-664858_640-320x213.png 320w, https:\/\/www.nrv.sk\/en\/wp-content\/uploads\/2015\/05\/france-664858_640-240x160.png 240w\" sizes=\"auto, (max-width: 53px) 100vw, 53px\" \/><br \/><\/span><\/p>\n<p><span style=\"color: #616161;\">English, German, French, Hungarian, Italian, Russian, Ukrainian, Belarusian, Polish, Dutch, Spanish, Croatian, Serbian, Slovenian, Greek, Portuguese, Norwegian, Swedish, Danish, Finnish, Chinese, Japanese, Vietnamese, Thai, Korean, Macedonian, Latin, Hebrew, Romanian, Arabic, Turkish, Slovak, Czech, Armenian, Persian an many moore.<\/span><\/p>\n<p><span style=\"color: #616161;\">If you need to find out<strong> the price <\/strong>of the translation<strong><span style=\"color: #0000ff;\"> <a style=\"color: #0000ff;\" href=\"https:\/\/www.nrv.sk\/en\/price-list\/unofficial-translations\/\">click here<\/a><\/span>.<\/strong><\/span><\/p>\n<p><span style=\"color: #616161;\"><strong>If you need to help<\/strong>, do not hesitate and contact us by mobile: +<strong>421 911 917 128<\/strong><\/span><\/p>\n<p>\u00a0<\/p>\n\n<pre class=\"ti-widget\"><div class=\"ti-widget ti-goog\" data-no-translation=\"true\" data-layout-id=\"5\" data-set-id=\"ligth-border\" data-pid=\"\" data-pager-autoplay-timeout=\"6\" data-review-target-width=\"275\" data-language=\"en\" > <div class=\"ti-widget-container ti-col-4\"> <div class=\"ti-footer source-Google\"> <div class=\"ti-rating-text\"> <strong class=\"ti-rating ti-rating-large\"> Excellent <\/strong> <\/div> <span class=\"ti-stars star-lg\"> <span class=\"ti-star f\"><\/span><span class=\"ti-star f\"><\/span><span class=\"ti-star f\"><\/span><span class=\"ti-star f\"><\/span><span class=\"ti-star f\"><\/span> <\/span> <div class=\"ti-rating-text\"> <span class=\"nowrap\">Based on <strong>309 reviews<\/strong><\/span> <\/div> <div class=\"ti-large-logo\"> <div class=\"ti-v-center\"> <img loading=\"lazy\" decoding=\"async\" class=\"ti-logo-fb\" src=\"https:\/\/cdn.trustindex.io\/assets\/platform\/Google\/logo.svg\" width=\"150\" height=\"25\" alt=\"Google\" \/> <\/div> <\/div> <\/div> <div class=\"ti-reviews-container\"> <div class=\"ti-controls\"> <div class=\"ti-next\" aria-label=\"Next review\" role=\"button\"><\/div> <div class=\"ti-prev\" aria-label=\"Previous review\" role=\"button\"><\/div> <\/div> <div class=\"ti-reviews-container-wrapper\">  <div data-empty=\"0\" class=\"ti-review-item source-Google\" > <div class=\"ti-inner\"> <div class=\"ti-review-header\"> <div class=\"ti-profile-img\"> <img decoding=\"async\" src=\"https:\/\/lh3.googleusercontent.com\/a\/ACg8ocKK5QqqBE5KPaxyYjnEaqR_UD_9zdZVyQm4lLaHhk-esctAIg=s64-c-rp-mo-br100\" alt=\"Natalia Kaminer\" \/> <\/div> <div class=\"ti-profile-details\"> <div class=\"ti-name\"> Natalia Kaminer <\/div> <div class=\"ti-date\">08\/04\/2026<\/div> <\/div> <\/div> <span class=\"ti-stars\"><span class=\"ti-star f\"><\/span><span class=\"ti-star f\"><\/span><span class=\"ti-star f\"><\/span><span class=\"ti-star f\"><\/span><span class=\"ti-star f\"><\/span><\/span> <div class=\"ti-review-text-container ti-review-content\"><!-- R-CONTENT -->\u010eakujem za profesionalitu, \u00fastretov\u00fd pr\u00edstup ku klientovi a r\u00fdchlos\u0165 vybavenia.<!-- R-CONTENT --><\/div> <span class=\"ti-read-more\" data-container=\".ti-review-content\" data-collapse-text=\"Hide\" data-open-text=\"Read more\" ><\/span> <\/div> <\/div>  <div data-empty=\"0\" class=\"ti-review-item source-Google\" > <div class=\"ti-inner\"> <div class=\"ti-review-header\"> <div class=\"ti-profile-img\"> <img decoding=\"async\" src=\"https:\/\/lh3.googleusercontent.com\/a\/ACg8ocI79Rner6qwm97XVm6Qiun4GIBWfuJvXhFBNqNdnXkBZr4ZOA=s64-c-rp-mo-br100\" alt=\"James\" \/> <\/div> <div class=\"ti-profile-details\"> <div class=\"ti-name\"> James <\/div> <div class=\"ti-date\">03\/04\/2026<\/div> <\/div> <\/div> <span class=\"ti-stars\"><span class=\"ti-star f\"><\/span><span class=\"ti-star f\"><\/span><span class=\"ti-star f\"><\/span><span class=\"ti-star f\"><\/span><span class=\"ti-star f\"><\/span><\/span> <div class=\"ti-review-text-container ti-review-content\"><!-- R-CONTENT -->I have used the service several times. It has always been pleasant and reliable, so I'd be happy to return with any future needs.<!-- R-CONTENT --><\/div> <span class=\"ti-read-more\" data-container=\".ti-review-content\" data-collapse-text=\"Hide\" data-open-text=\"Read more\" ><\/span> <\/div> <\/div>  <div data-empty=\"0\" class=\"ti-review-item source-Google\" > <div class=\"ti-inner\"> <div class=\"ti-review-header\"> <div class=\"ti-profile-img\"> <img decoding=\"async\" src=\"https:\/\/lh3.googleusercontent.com\/a-\/ALV-UjUG9NCxnSTKd1ADZBY75e7gVdJ7QBzJmoYv7bJcmeYEj-Lw1Xfp=s64-c-rp-mo-ba2-br100\" alt=\"Daniel Hall\" \/> <\/div> <div class=\"ti-profile-details\"> <div class=\"ti-name\"> Daniel Hall <\/div> <div class=\"ti-date\">02\/04\/2026<\/div> <\/div> <\/div> <span class=\"ti-stars\"><span class=\"ti-star f\"><\/span><span class=\"ti-star f\"><\/span><span class=\"ti-star f\"><\/span><span class=\"ti-star f\"><\/span><span class=\"ti-star f\"><\/span><\/span> <div class=\"ti-review-text-container ti-review-content\"><!-- R-CONTENT -->Very quick, accurate service, provided at a fair price, and with clear prompt communication.<!-- R-CONTENT --><\/div> <span class=\"ti-read-more\" data-container=\".ti-review-content\" data-collapse-text=\"Hide\" data-open-text=\"Read more\" ><\/span> <\/div> <\/div>  <div data-empty=\"0\" class=\"ti-review-item source-Google\" > <div class=\"ti-inner\"> <div class=\"ti-review-header\"> <div class=\"ti-profile-img\"> <img decoding=\"async\" src=\"https:\/\/lh3.googleusercontent.com\/a-\/ALV-UjVsunhV3PMoYphjUHzx9_zCOp37G9gpaHduL1z81yw4GUSIqb2i=s64-c-rp-mo-br100\" alt=\"Natalia Hoosova\" \/> <\/div> <div class=\"ti-profile-details\"> <div class=\"ti-name\"> Natalia Hoosova <\/div> <div class=\"ti-date\">01\/04\/2026<\/div> <\/div> <\/div> <span class=\"ti-stars\"><span class=\"ti-star f\"><\/span><span class=\"ti-star f\"><\/span><span class=\"ti-star f\"><\/span><span class=\"ti-star f\"><\/span><span class=\"ti-star f\"><\/span><\/span> <div class=\"ti-review-text-container ti-review-content\"><!-- R-CONTENT -->Profesionalne jednanie a ve\u013emi r\u00fdchle doru\u010denie za super cenu v porovnan\u00ed s in\u00fdmi miestami v BA. Dala som si tu prelo\u017ei\u0165 viacero dokumentov za posledn\u00fdch p\u00e1r rokov a v\u017edy v\u0161etko bolo tip top. M\u00f4\u017eem len vrelo doporu\u010dit v\u0161etk\u00fdmi desiatimi. \u010eakujem!!<!-- R-CONTENT --><\/div> <span class=\"ti-read-more\" data-container=\".ti-review-content\" data-collapse-text=\"Hide\" data-open-text=\"Read more\" ><\/span> <\/div> <\/div>  <div data-empty=\"0\" class=\"ti-review-item source-Google\" > <div class=\"ti-inner\"> <div class=\"ti-review-header\"> <div class=\"ti-profile-img\"> <img decoding=\"async\" src=\"https:\/\/lh3.googleusercontent.com\/a-\/ALV-UjXYKNs_nL-8VyyPfbWbnEkxe4-vbFn90wxiaGOCq-iMz29DLFC9Nw=s64-c-rp-mo-br100\" alt=\"Mehemmedeli Nuriyev\" \/> <\/div> <div class=\"ti-profile-details\"> <div class=\"ti-name\"> Mehemmedeli Nuriyev <\/div> <div class=\"ti-date\">01\/04\/2026<\/div> <\/div> <\/div> <span class=\"ti-stars\"><span class=\"ti-star f\"><\/span><span class=\"ti-star f\"><\/span><span class=\"ti-star f\"><\/span><span class=\"ti-star f\"><\/span><span class=\"ti-star f\"><\/span><\/span> <div class=\"ti-review-text-container ti-review-content\"><!-- R-CONTENT -->Perfectne<!-- R-CONTENT --><\/div> <span class=\"ti-read-more\" data-container=\".ti-review-content\" data-collapse-text=\"Hide\" data-open-text=\"Read more\" ><\/span> <\/div> <\/div>  <div data-empty=\"0\" class=\"ti-review-item source-Google\" > <div class=\"ti-inner\"> <div class=\"ti-review-header\"> <div class=\"ti-profile-img\"> <img decoding=\"async\" src=\"https:\/\/lh3.googleusercontent.com\/a\/ACg8ocJHg_h06VOqgmLGchV-fQx410pHT9HrbcIw-PFnCgqBbmUHlQ=s64-c-rp-mo-br100\" alt=\"\u041a\u0430\u0442\u0435\u0440\u0438\u043d\u0430 \u0429\u0435\u0440\u0431\u0430\u0442\u044e\u043a\" \/> <\/div> <div class=\"ti-profile-details\"> <div class=\"ti-name\"> \u041a\u0430\u0442\u0435\u0440\u0438\u043d\u0430 \u0429\u0435\u0440\u0431\u0430\u0442\u044e\u043a <\/div> <div class=\"ti-date\">01\/04\/2026<\/div> <\/div> <\/div> <span class=\"ti-stars\"><span class=\"ti-star f\"><\/span><span class=\"ti-star f\"><\/span><span class=\"ti-star f\"><\/span><span class=\"ti-star f\"><\/span><span class=\"ti-star f\"><\/span><\/span> <div class=\"ti-review-text-container ti-review-content\"><!-- R-CONTENT -->\u0414\u0443\u0436\u0435 \u0448\u0432\u0438\u0434\u043a\u043e \u0432\u0456\u0434\u043f\u043e\u0432\u0456\u043b\u0438 \u043d\u0430 \u043c\u043e\u0454 \u043f\u043e\u0432\u0456\u0434\u043e\u043c\u043b\u0435\u043d\u043d\u044f, \u0442\u0430 \u044f\u043a\u0456\u0441\u043d\u043e \u0432\u0438\u043a\u043e\u043d\u0430\u043b\u0438 \u0441\u0432\u043e\u044e \u0440\u043e\u0431\u043e\u0442\u0443. \u0414\u044f\u043a\u0443\u044e \u0437\u0430 \u0434\u043e\u043f\u043e\u043c\u043e\u0433\u0443\ud83d\ude4f\ud83c\udffb\ud83d\udc4d<!-- R-CONTENT --><\/div> <span class=\"ti-read-more\" data-container=\".ti-review-content\" data-collapse-text=\"Hide\" data-open-text=\"Read more\" ><\/span> <\/div> <\/div>  <div data-empty=\"0\" class=\"ti-review-item source-Google\" > <div class=\"ti-inner\"> <div class=\"ti-review-header\"> <div class=\"ti-profile-img\"> <img decoding=\"async\" src=\"https:\/\/lh3.googleusercontent.com\/a\/ACg8ocKVavposD7CmGQlENpzSM3MJLSdz75J1cS6JSgmrreGGl0Z9w=s64-c-rp-mo-br100\" alt=\"Anatolii Turcan\" \/> <\/div> <div class=\"ti-profile-details\"> <div class=\"ti-name\"> Anatolii Turcan <\/div> <div class=\"ti-date\">30\/03\/2026<\/div> <\/div> <\/div> <span class=\"ti-stars\"><span class=\"ti-star f\"><\/span><span class=\"ti-star f\"><\/span><span class=\"ti-star f\"><\/span><span class=\"ti-star f\"><\/span><span class=\"ti-star f\"><\/span><\/span> <div class=\"ti-review-text-container ti-review-content\"><!-- R-CONTENT -->V\u00fdborn\u00e1 cena, v\u0161etko bolo dokon\u010den\u00e9 presne v dohodnutom term\u00edne. V\u0161etko na najvy\u0161\u0161ej \u00farovni. Odpor\u00fa\u010dam!<!-- R-CONTENT --><\/div> <span class=\"ti-read-more\" data-container=\".ti-review-content\" data-collapse-text=\"Hide\" data-open-text=\"Read more\" ><\/span> <\/div> <\/div>  <div data-empty=\"0\" class=\"ti-review-item source-Google\" > <div class=\"ti-inner\"> <div class=\"ti-review-header\"> <div class=\"ti-profile-img\"> <img decoding=\"async\" src=\"https:\/\/lh3.googleusercontent.com\/a-\/ALV-UjUWkFmrYWXHWC1hT9tu1VrjrH5lOWlz89m_jlqA7T7wcmUeJao=s64-c-rp-mo-br100\" alt=\"Lady aria\" \/> <\/div> <div class=\"ti-profile-details\"> <div class=\"ti-name\"> Lady aria <\/div> <div class=\"ti-date\">27\/03\/2026<\/div> <\/div> <\/div> <span class=\"ti-stars\"><span class=\"ti-star f\"><\/span><span class=\"ti-star f\"><\/span><span class=\"ti-star f\"><\/span><span class=\"ti-star f\"><\/span><span class=\"ti-star f\"><\/span><\/span> <div class=\"ti-review-text-container ti-review-content\"><!-- R-CONTENT -->Was great and fast , good price<!-- R-CONTENT --><\/div> <span class=\"ti-read-more\" data-container=\".ti-review-content\" data-collapse-text=\"Hide\" data-open-text=\"Read more\" ><\/span> <\/div> <\/div>  <div data-empty=\"0\" class=\"ti-review-item source-Google\" > <div class=\"ti-inner\"> <div class=\"ti-review-header\"> <div class=\"ti-profile-img\"> <img decoding=\"async\" src=\"https:\/\/lh3.googleusercontent.com\/a-\/ALV-UjVJLsAuDOjFTP2st4ZZWlWQlhWRQgHkpib0_8TXTik84D4o3dc=s64-c-rp-mo-br100\" alt=\"Tetiana Bulavka\" \/> <\/div> <div class=\"ti-profile-details\"> <div class=\"ti-name\"> Tetiana Bulavka <\/div> <div class=\"ti-date\">27\/03\/2026<\/div> <\/div> <\/div> <span class=\"ti-stars\"><span class=\"ti-star f\"><\/span><span class=\"ti-star f\"><\/span><span class=\"ti-star f\"><\/span><span class=\"ti-star f\"><\/span><span class=\"ti-star f\"><\/span><\/span> <div class=\"ti-review-text-container ti-review-content\"><!-- R-CONTENT -->\u0425\u043e\u0440\u043e\u0448\u0430\u044f \u0444\u0438\u0440\u043c\u0430 NRV Translation.  \u041f\u0435\u0440\u0435\u0432\u043e\u0434\u0438\u043b\u0438 \u0441 \u0443\u043a\u0440\u0430\u0438\u043d\u0441\u043a\u043e\u0433\u043e \u0438 \u043f\u043e\u043b\u044c\u0441\u043a\u043e\u0433\u043e \u044f\u0437\u044b\u043a\u0430 \u043d\u0430 \u0441\u043b\u043e\u0432\u0430\u0446\u043a\u0438\u0439+ \u043d\u043e\u0442\u0430\u0440\u0438\u0430\u043b\u044c\u043d\u043e \u0437\u0430\u0432\u0435\u0440\u0435\u043d\u044b\u0439 \u043f\u0435\u0440\u0435\u0432\u043e\u0434. \u0412\u0441\u0435 \u043e\u0442\u043b\u0438\u0447\u043d\u043e, \u0440\u0435\u043a\u043e\u043c\u0435\u043d\u0434\u0443\u044e:)<!-- R-CONTENT --><\/div> <span class=\"ti-read-more\" data-container=\".ti-review-content\" data-collapse-text=\"Hide\" data-open-text=\"Read more\" ><\/span> <\/div> <\/div>  <div data-empty=\"0\" class=\"ti-review-item source-Google\" > <div class=\"ti-inner\"> <div class=\"ti-review-header\"> <div class=\"ti-profile-img\"> <img decoding=\"async\" src=\"https:\/\/lh3.googleusercontent.com\/a-\/ALV-UjVVYN3EogJgDVD0X_zDq1dIXWsQP_1dbt1BKDmnInVlEHWM7u1Z=s64-c-rp-mo-br100\" alt=\"\u041c\u0430\u0440\u0456\u044f \u0421\u0443\u0445\u0430\u043d\" \/> <\/div> <div class=\"ti-profile-details\"> <div class=\"ti-name\"> \u041c\u0430\u0440\u0456\u044f \u0421\u0443\u0445\u0430\u043d <\/div> <div class=\"ti-date\">26\/03\/2026<\/div> <\/div> <\/div> <span class=\"ti-stars\"><span class=\"ti-star f\"><\/span><span class=\"ti-star f\"><\/span><span class=\"ti-star f\"><\/span><span class=\"ti-star f\"><\/span><span class=\"ti-star f\"><\/span><\/span> <div class=\"ti-review-text-container ti-review-content\"><!-- R-CONTENT -->\u00ab\u041f\u0440\u043e\u0444\u0435\u0441\u0456\u043e\u043d\u0430\u043b \u0441\u0432\u043e\u0454\u0457 \u0441\u043f\u0440\u0430\u0432\u0438! \u041e\u0444\u043e\u0440\u043c\u043b\u0435\u043d\u043d\u044f \u0434\u043e\u043a\u0443\u043c\u0435\u043d\u0442\u0456\u0432 \u0437\u0430\u0439\u043d\u044f\u043b\u043e \u043c\u0456\u043d\u0456\u043c\u0443\u043c \u0447\u0430\u0441\u0443, \u0441\u0435\u0440\u0432\u0456\u0441 \u043d\u0430 \u0432\u0438\u0441\u043e\u0442\u0456. \u041e\u0444\u0456\u0441 \u0437\u0430\u0442\u0438\u0448\u043d\u0438\u0439, \u043f\u0440\u0438\u0439\u043e\u043c \u0437\u0430 \u0437\u0430\u043f\u0438\u0441\u043e\u043c \u0431\u0435\u0437 \u0447\u0435\u0440\u0433. \u0420\u0435\u043a\u043e\u043c\u0435\u043d\u0434\u0443\u044e \u0432\u0441\u0456\u043c, \u0445\u0442\u043e \u0446\u0456\u043d\u0443\u0454 \u0441\u0432\u0456\u0439 \u0447\u0430\u0441.\u00bb<!-- R-CONTENT --><\/div> <span class=\"ti-read-more\" data-container=\".ti-review-content\" data-collapse-text=\"Hide\" data-open-text=\"Read more\" ><\/span> <\/div> <\/div>  <\/div> <div class=\"ti-controls-line\"> <div class=\"dot\"><\/div> <\/div>  <\/div> <\/div> <\/div> <\/pre>\n","protected":false},"excerpt":{"rendered":"<p>We will translate your corporate or private website according to your wishes into all languages. You may present your website to all world and everyone will understand. Translation and localization can attract more clients to your business website, especially if you have customers from abroad. A well prepared SEO (search engine optimization) can arrange more<\/p>\n<p><a href=\"https:\/\/www.nrv.sk\/en\/website-translations\/\" class=\"more-link themebutton\">Read More<\/a><\/p>\n","protected":false},"author":1,"featured_media":1921,"parent":0,"menu_order":0,"comment_status":"open","ping_status":"open","template":"","meta":{"_monsterinsights_skip_tracking":false,"_monsterinsights_sitenote_active":false,"_monsterinsights_sitenote_note":"","_monsterinsights_sitenote_category":0,"footnotes":""},"class_list":["post-649","page","type-page","status-publish","has-post-thumbnail","hentry"],"aioseo_notices":[],"_links":{"self":[{"href":"https:\/\/www.nrv.sk\/en\/wp-json\/wp\/v2\/pages\/649","targetHints":{"allow":["GET"]}}],"collection":[{"href":"https:\/\/www.nrv.sk\/en\/wp-json\/wp\/v2\/pages"}],"about":[{"href":"https:\/\/www.nrv.sk\/en\/wp-json\/wp\/v2\/types\/page"}],"author":[{"embeddable":true,"href":"https:\/\/www.nrv.sk\/en\/wp-json\/wp\/v2\/users\/1"}],"replies":[{"embeddable":true,"href":"https:\/\/www.nrv.sk\/en\/wp-json\/wp\/v2\/comments?post=649"}],"version-history":[{"count":36,"href":"https:\/\/www.nrv.sk\/en\/wp-json\/wp\/v2\/pages\/649\/revisions"}],"predecessor-version":[{"id":2401,"href":"https:\/\/www.nrv.sk\/en\/wp-json\/wp\/v2\/pages\/649\/revisions\/2401"}],"wp:featuredmedia":[{"embeddable":true,"href":"https:\/\/www.nrv.sk\/en\/wp-json\/wp\/v2\/media\/1921"}],"wp:attachment":[{"href":"https:\/\/www.nrv.sk\/en\/wp-json\/wp\/v2\/media?parent=649"}],"curies":[{"name":"wp","href":"https:\/\/api.w.org\/{rel}","templated":true}]}}